{"id":635,"date":"2017-02-13T15:50:59","date_gmt":"2017-02-13T14:50:59","guid":{"rendered":"http:\/\/beta.hotelbellevuedus.de\/en\/?page_id=635"},"modified":"2017-11-13T14:31:31","modified_gmt":"2017-11-13T13:31:31","slug":"links","status":"publish","type":"page","link":"https:\/\/www.hotel-schumacher-duesseldorf.de\/en\/links\/","title":{"rendered":"Links"},"content":{"rendered":"<div class=\"textblock container\">\n<h2 class=\"extra\">Links<\/h2>\n<div class=\"subtitle extra\">D\u00fcsseldorf has much to offer &#8211; interesting things in and around D\u00fcsseldorf<\/div>\n<\/div>\n<div class=\"links-box col-xs-12 col-md-4\">\n<div class=\"heading-box\">\n<h2 class=\"title\">Exhibitions<\/h2>\n<\/div>\n<p>D\u00fcsseldorf fair<br \/>\n<a href=\"http:\/\/www.messe-duesseldorf.de\/\">www.messe-duesseldorf.de<\/a><\/p>\n<p>Cologne fair<br \/>\n<a href=\"http:\/\/www.koelnmesse.de\">www.koelnmesse.de<\/a><\/p>\n<p>Essen fair<br \/>\n<a href=\"https:\/\/www.messe-essen.de\/messeplatz-essen\/\">www.messe-essen.de<\/a><\/p>\n<\/div>\n<div class=\"links-box col-xs-12 col-md-4\">\n<div class=\"heading-box\">\n<h2 class=\"title\">Restaurants &amp; Shopping<\/h2>\n<\/div>\n<p>K\u00f6nigsallee &#8220;King\u00b4s Boulevard&#8221;<br \/>\n<a href=\"http:\/\/www.koenigsallee-duesseldorf.de\">www.koenigsallee-duesseldorf.de<\/a><br \/>\nThe Old Town<br \/>\n<a href=\"http:\/\/www.duesseldorf-altstadt.de\">www.duesseldorf-altstadt.de<\/a><\/p>\n<p>Weekly Market at Carlsplatz<br \/>\n<a href=\"http:\/\/www.carlsplatz-markt.de\/\">www.carlsplatz-markt.de<\/a><\/p>\n<\/div>\n<div class=\"links-box col-xs-12 col-md-4\">\n<div class=\"heading-box\">\n<h2 class=\"title\">Culture &amp; Leisure<\/h2>\n<\/div>\n<p>Art Palace Museum<br \/>\n<a href=\"http:\/\/www.smkp.de\">www.smkp.de<\/a><\/p>\n<p>Capitol Theatre D\u00fcsseldorf<br \/>\n<a href=\"http:\/\/www.capitol-theater.de\">www.capitol-theater.de<\/a><\/p>\n<p>Roncalli\u2019s Apollo Variet\u00e9<br \/>\n<a href=\"http:\/\/www.apollo-variete.de\">www.apollo-variete.de<\/a><\/p>\n<p>Quatsch Comedy Club<br \/>\n<a href=\"http:\/\/www.quatschcomedyclub.de\">www.quatschcomedyclub.de<\/a><\/p>\n<p>&nbsp;<\/p>\n<\/div>\n","protected":false},"excerpt":{"rendered":"<p>Links D\u00fcsseldorf has much to offer &#8211; interesting things in and around D\u00fcsseldorf Exhibitions D\u00fcsseldorf fair www.messe-duesseldorf.de Cologne fair www.koelnmesse.de Essen fair www.messe-essen.de Restaurants &amp; Shopping K\u00f6nigsallee &#8220;King\u00b4s Boulevard&#8221; www.koenigsallee-duesseldorf.de The Old Town www.duesseldorf-altstadt.de Weekly Market at Carlsplatz www.carlsplatz-markt.de Culture &amp; Leisure Art Palace Museum www.smkp.de Capitol Theatre D\u00fcsseldorf www.capitol-theater.de Roncalli\u2019s Apollo Variet\u00e9 www.apollo-variete.de Quatsch Comedy Club www.quatschcomedyclub.de &nbsp;<\/p>\n","protected":false},"author":4,"featured_media":0,"parent":0,"menu_order":5,"comment_status":"closed","ping_status":"closed","template":"","meta":[],"yoast_head":"<!-- This site is optimized with the Yoast SEO plugin v18.4.1 - https:\/\/yoast.com\/wordpress\/plugins\/seo\/ -->\n<title>Links - Hotel Bellevue D\u00fcsseldorf - Experience the vibrancy of D\u00fcsseldorf<\/title>\n<meta name=\"description\" content=\"Experience the vibrancy of D\u00fcsseldorf. Exhibitions, fairs, restaurants and shopping, Culture and Leisure... K\u00f6nigsallee und Quatsch Comedy Club\" \/>\n<meta name=\"robots\" content=\"index, follow, max-snippet:-1, max-image-preview:large, max-video-preview:-1\" \/>\n<link rel=\"canonical\" href=\"https:\/\/www.hotel-schumacher-duesseldorf.de\/en\/links\/\" \/>\n<meta property=\"og:locale\" content=\"en_US\" \/>\n<meta property=\"og:type\" content=\"article\" \/>\n<meta property=\"og:title\" content=\"Links - Hotel Bellevue D\u00fcsseldorf - Experience the vibrancy of D\u00fcsseldorf\" \/>\n<meta property=\"og:description\" content=\"Experience the vibrancy of D\u00fcsseldorf. Exhibitions, fairs, restaurants and shopping, Culture and Leisure... K\u00f6nigsallee und Quatsch Comedy Club\" \/>\n<meta property=\"og:url\" content=\"https:\/\/www.hotel-schumacher-duesseldorf.de\/en\/links\/\" \/>\n<meta property=\"og:site_name\" content=\"Hotel Bellevue\" \/>\n<meta property=\"article:modified_time\" content=\"2017-11-13T13:31:31+00:00\" \/>\n<meta name=\"twitter:card\" content=\"summary\" \/>\n<script type=\"application\/ld+json\" class=\"yoast-schema-graph\">{\"@context\":\"https:\/\/schema.org\",\"@graph\":[{\"@type\":\"WebSite\",\"@id\":\"https:\/\/www.hotel-schumacher-duesseldorf.de\/#website\",\"url\":\"https:\/\/www.hotel-schumacher-duesseldorf.de\/\",\"name\":\"Hotel Bellevue\",\"description\":\"Eine weitere WordPress-Website\",\"potentialAction\":[{\"@type\":\"SearchAction\",\"target\":{\"@type\":\"EntryPoint\",\"urlTemplate\":\"https:\/\/www.hotel-schumacher-duesseldorf.de\/?s={search_term_string}\"},\"query-input\":\"required name=search_term_string\"}],\"inLanguage\":\"en-US\"},{\"@type\":\"WebPage\",\"@id\":\"https:\/\/www.hotel-schumacher-duesseldorf.de\/en\/links\/#webpage\",\"url\":\"https:\/\/www.hotel-schumacher-duesseldorf.de\/en\/links\/\",\"name\":\"Links - Hotel Bellevue D\u00fcsseldorf - Experience the vibrancy of D\u00fcsseldorf\",\"isPartOf\":{\"@id\":\"https:\/\/www.hotel-schumacher-duesseldorf.de\/#website\"},\"datePublished\":\"2017-02-13T14:50:59+00:00\",\"dateModified\":\"2017-11-13T13:31:31+00:00\",\"description\":\"Experience the vibrancy of D\u00fcsseldorf. Exhibitions, fairs, restaurants and shopping, Culture and Leisure... K\u00f6nigsallee und Quatsch Comedy Club\",\"breadcrumb\":{\"@id\":\"https:\/\/www.hotel-schumacher-duesseldorf.de\/en\/links\/#breadcrumb\"},\"inLanguage\":\"en-US\",\"potentialAction\":[{\"@type\":\"ReadAction\",\"target\":[\"https:\/\/www.hotel-schumacher-duesseldorf.de\/en\/links\/\"]}]},{\"@type\":\"BreadcrumbList\",\"@id\":\"https:\/\/www.hotel-schumacher-duesseldorf.de\/en\/links\/#breadcrumb\",\"itemListElement\":[{\"@type\":\"ListItem\",\"position\":1,\"name\":\"Startseite\",\"item\":\"https:\/\/www.hotel-schumacher-duesseldorf.de\/en\/\"},{\"@type\":\"ListItem\",\"position\":2,\"name\":\"Links\"}]}]}<\/script>\n<!-- \/ Yoast SEO plugin. -->","yoast_head_json":{"title":"Links - Hotel Bellevue D\u00fcsseldorf - Experience the vibrancy of D\u00fcsseldorf","description":"Experience the vibrancy of D\u00fcsseldorf. Exhibitions, fairs, restaurants and shopping, Culture and Leisure... K\u00f6nigsallee und Quatsch Comedy Club","robots":{"index":"index","follow":"follow","max-snippet":"max-snippet:-1","max-image-preview":"max-image-preview:large","max-video-preview":"max-video-preview:-1"},"canonical":"https:\/\/www.hotel-schumacher-duesseldorf.de\/en\/links\/","og_locale":"en_US","og_type":"article","og_title":"Links - Hotel Bellevue D\u00fcsseldorf - Experience the vibrancy of D\u00fcsseldorf","og_description":"Experience the vibrancy of D\u00fcsseldorf. Exhibitions, fairs, restaurants and shopping, Culture and Leisure... K\u00f6nigsallee und Quatsch Comedy Club","og_url":"https:\/\/www.hotel-schumacher-duesseldorf.de\/en\/links\/","og_site_name":"Hotel Bellevue","article_modified_time":"2017-11-13T13:31:31+00:00","twitter_card":"summary","schema":{"@context":"https:\/\/schema.org","@graph":[{"@type":"WebSite","@id":"https:\/\/www.hotel-schumacher-duesseldorf.de\/#website","url":"https:\/\/www.hotel-schumacher-duesseldorf.de\/","name":"Hotel Bellevue","description":"Eine weitere WordPress-Website","potentialAction":[{"@type":"SearchAction","target":{"@type":"EntryPoint","urlTemplate":"https:\/\/www.hotel-schumacher-duesseldorf.de\/?s={search_term_string}"},"query-input":"required name=search_term_string"}],"inLanguage":"en-US"},{"@type":"WebPage","@id":"https:\/\/www.hotel-schumacher-duesseldorf.de\/en\/links\/#webpage","url":"https:\/\/www.hotel-schumacher-duesseldorf.de\/en\/links\/","name":"Links - Hotel Bellevue D\u00fcsseldorf - Experience the vibrancy of D\u00fcsseldorf","isPartOf":{"@id":"https:\/\/www.hotel-schumacher-duesseldorf.de\/#website"},"datePublished":"2017-02-13T14:50:59+00:00","dateModified":"2017-11-13T13:31:31+00:00","description":"Experience the vibrancy of D\u00fcsseldorf. Exhibitions, fairs, restaurants and shopping, Culture and Leisure... K\u00f6nigsallee und Quatsch Comedy Club","breadcrumb":{"@id":"https:\/\/www.hotel-schumacher-duesseldorf.de\/en\/links\/#breadcrumb"},"inLanguage":"en-US","potentialAction":[{"@type":"ReadAction","target":["https:\/\/www.hotel-schumacher-duesseldorf.de\/en\/links\/"]}]},{"@type":"BreadcrumbList","@id":"https:\/\/www.hotel-schumacher-duesseldorf.de\/en\/links\/#breadcrumb","itemListElement":[{"@type":"ListItem","position":1,"name":"Startseite","item":"https:\/\/www.hotel-schumacher-duesseldorf.de\/en\/"},{"@type":"ListItem","position":2,"name":"Links"}]}]}},"_links":{"self":[{"href":"https:\/\/www.hotel-schumacher-duesseldorf.de\/en\/wp-json\/wp\/v2\/pages\/635"}],"collection":[{"href":"https:\/\/www.hotel-schumacher-duesseldorf.de\/en\/wp-json\/wp\/v2\/pages"}],"about":[{"href":"https:\/\/www.hotel-schumacher-duesseldorf.de\/en\/wp-json\/wp\/v2\/types\/page"}],"author":[{"embeddable":true,"href":"https:\/\/www.hotel-schumacher-duesseldorf.de\/en\/wp-json\/wp\/v2\/users\/4"}],"replies":[{"embeddable":true,"href":"https:\/\/www.hotel-schumacher-duesseldorf.de\/en\/wp-json\/wp\/v2\/comments?post=635"}],"version-history":[{"count":9,"href":"https:\/\/www.hotel-schumacher-duesseldorf.de\/en\/wp-json\/wp\/v2\/pages\/635\/revisions"}],"predecessor-version":[{"id":1208,"href":"https:\/\/www.hotel-schumacher-duesseldorf.de\/en\/wp-json\/wp\/v2\/pages\/635\/revisions\/1208"}],"wp:attachment":[{"href":"https:\/\/www.hotel-schumacher-duesseldorf.de\/en\/wp-json\/wp\/v2\/media?parent=635"}],"curies":[{"name":"wp","href":"https:\/\/api.w.org\/{rel}","templated":true}]}}